{"id":301,"date":"2022-03-20T09:15:03","date_gmt":"2022-03-20T09:15:03","guid":{"rendered":"https:\/\/www.elrincondelconcejo.com\/web\/?page_id=301"},"modified":"2022-03-21T11:19:53","modified_gmt":"2022-03-21T11:19:53","slug":"casa-1-el-rincon-del-concejo","status":"publish","type":"page","link":"https:\/\/www.elrincondelconcejo.com\/web\/casa-1-el-rincon-del-concejo\/","title":{"rendered":"Casa 1 &#8211; El Rinc\u00f3n del Concejo"},"content":{"rendered":"\n<div id=\"wp-block-themeisle-blocks-advanced-columns-99498914\" class=\"wp-block-themeisle-blocks-advanced-columns has-1-columns has-desktop-equal-layout has-tablet-equal-layout has-mobile-equal-layout has-vertical-unset\"><div class=\"wp-block-themeisle-blocks-advanced-columns-overlay\"><\/div><div class=\"innerblocks-wrap\">\n<div id=\"wp-block-themeisle-blocks-advanced-column-c764d305\" class=\"wp-block-themeisle-blocks-advanced-column\">\n<p>Casa de campo situada a 1 km de Arcos de la Frontera, dispone de un confortable mobiliario que le permitir\u00e1 pasar una estancia inolvidable, con todas las comodidades y servicios que necesite.<\/p>\n\n\n\n<p>Tiene capacidad para<strong> 14\/16 personas <\/strong>en <strong>7 habitaciones<\/strong>, 5 de matrimonio y 2 dobles, 4 de las habitaciones de matrimonio con ba\u00f1o incorporado, m\u00e1s un ba\u00f1o independiente.<\/p>\n\n\n\n<p>Amplio sal\u00f3n con chimenea y televisi\u00f3n, cocina equipada con frigor\u00edfico, vitrocer\u00e1mica, microondas, lavadora, cafetera y peque\u00f1os electrodom\u00e9sticos.<\/p>\n\n\n\n<p>Dispone de una amplia piscina con entrada de orilla y suelo de alrededor imitaci\u00f3n de arena dando la sensaci\u00f3n que est\u00e1s en la playa. Zona de la piscina vallada para la protecci\u00f3n de los ni\u00f1os, barbacoa situada pr\u00f3xima a la piscina para poder controlar a los menores. El amplio porche con 50 m<sup>2<\/sup>. para disfrutar de comidas frente a la piscina, completa el entorno \u00fanico donde la tranquilidad y el descanso est\u00e1n asegurados.<\/p>\n\n\n\n<p>La casa tiene 300 m<sup>2<\/sup>. y se encuentra en un terreno de 1000 m<sup>2<\/sup>.<\/p>\n\n\n\n<div class=\"wp-block-columns is-layout-flex wp-container-core-columns-is-layout-9d6595d7 wp-block-columns-is-layout-flex\">\n<div class=\"wp-block-column is-layout-flow wp-block-column-is-layout-flow\">\n<p class=\"has-text-align-center\"><strong>Exterior de la vivienda<\/strong><\/p>\n<\/div>\n<\/div>\n<\/div>\n<\/div><\/div>\n\n\n\n<div class=\"wp-block-jetpack-slideshow aligncenter\" data-effect=\"slide\"><div class=\"wp-block-jetpack-slideshow_container swiper-container\"><ul class=\"wp-block-jetpack-slideshow_swiper-wrapper swiper-wrapper\"><li class=\"wp-block-jetpack-slideshow_slide swiper-slide\"><figure><img loading=\"lazy\" decoding=\"async\" width=\"640\" height=\"480\" alt=\"piscina-1-casa-1-rincon-del-concejo.\" class=\"wp-block-jetpack-slideshow_image wp-image-234\" data-id=\"234\" src=\"https:\/\/www.elrincondelconcejo.com\/web\/wp-content\/uploads\/2022\/03\/piscina-1-casa-1-rincon-del-concejo.jpg\" srcset=\"https:\/\/www.elrincondelconcejo.com\/web\/wp-content\/uploads\/2022\/03\/piscina-1-casa-1-rincon-del-concejo.jpg 640w, https:\/\/www.elrincondelconcejo.com\/web\/wp-content\/uploads\/2022\/03\/piscina-1-casa-1-rincon-del-concejo-300x225.jpg 300w\" sizes=\"(max-width: 640px) 100vw, 640px\" \/><\/figure><\/li><li class=\"wp-block-jetpack-slideshow_slide swiper-slide\"><figure><img loading=\"lazy\" decoding=\"async\" width=\"640\" height=\"480\" alt=\"\" class=\"wp-block-jetpack-slideshow_image wp-image-235\" data-id=\"235\" src=\"https:\/\/www.elrincondelconcejo.com\/web\/wp-content\/uploads\/2022\/03\/piscina-2-casa-1-rincon-del-concejo.jpg\" srcset=\"https:\/\/www.elrincondelconcejo.com\/web\/wp-content\/uploads\/2022\/03\/piscina-2-casa-1-rincon-del-concejo.jpg 640w, https:\/\/www.elrincondelconcejo.com\/web\/wp-content\/uploads\/2022\/03\/piscina-2-casa-1-rincon-del-concejo-300x225.jpg 300w\" sizes=\"(max-width: 640px) 100vw, 640px\" \/><\/figure><\/li><li class=\"wp-block-jetpack-slideshow_slide swiper-slide\"><figure><img loading=\"lazy\" decoding=\"async\" width=\"640\" height=\"480\" alt=\"\" class=\"wp-block-jetpack-slideshow_image wp-image-244\" data-id=\"244\" src=\"https:\/\/www.elrincondelconcejo.com\/web\/wp-content\/uploads\/2022\/03\/vista-frontal-casa-1-rincon-del-concejo.jpg\" srcset=\"https:\/\/www.elrincondelconcejo.com\/web\/wp-content\/uploads\/2022\/03\/vista-frontal-casa-1-rincon-del-concejo.jpg 640w, https:\/\/www.elrincondelconcejo.com\/web\/wp-content\/uploads\/2022\/03\/vista-frontal-casa-1-rincon-del-concejo-300x225.jpg 300w\" sizes=\"(max-width: 640px) 100vw, 640px\" \/><\/figure><\/li><li class=\"wp-block-jetpack-slideshow_slide swiper-slide\"><figure><img loading=\"lazy\" decoding=\"async\" width=\"640\" height=\"480\" alt=\"\" class=\"wp-block-jetpack-slideshow_image wp-image-245\" data-id=\"245\" src=\"https:\/\/www.elrincondelconcejo.com\/web\/wp-content\/uploads\/2022\/03\/vista-general-casa-1-rincon-del-concejo.jpg\" srcset=\"https:\/\/www.elrincondelconcejo.com\/web\/wp-content\/uploads\/2022\/03\/vista-general-casa-1-rincon-del-concejo.jpg 640w, https:\/\/www.elrincondelconcejo.com\/web\/wp-content\/uploads\/2022\/03\/vista-general-casa-1-rincon-del-concejo-300x225.jpg 300w\" sizes=\"(max-width: 640px) 100vw, 640px\" \/><\/figure><\/li><li class=\"wp-block-jetpack-slideshow_slide swiper-slide\"><figure><img loading=\"lazy\" decoding=\"async\" width=\"640\" height=\"480\" alt=\"\" class=\"wp-block-jetpack-slideshow_image wp-image-246\" data-id=\"246\" src=\"https:\/\/www.elrincondelconcejo.com\/web\/wp-content\/uploads\/2022\/03\/zona-barbacoa-casa-1-rincon-del-concejo.jpg\" srcset=\"https:\/\/www.elrincondelconcejo.com\/web\/wp-content\/uploads\/2022\/03\/zona-barbacoa-casa-1-rincon-del-concejo.jpg 640w, https:\/\/www.elrincondelconcejo.com\/web\/wp-content\/uploads\/2022\/03\/zona-barbacoa-casa-1-rincon-del-concejo-300x225.jpg 300w\" sizes=\"(max-width: 640px) 100vw, 640px\" \/><\/figure><\/li><li class=\"wp-block-jetpack-slideshow_slide swiper-slide\"><figure><img loading=\"lazy\" decoding=\"async\" width=\"640\" height=\"480\" alt=\"\" class=\"wp-block-jetpack-slideshow_image wp-image-237\" data-id=\"237\" src=\"https:\/\/www.elrincondelconcejo.com\/web\/wp-content\/uploads\/2022\/03\/piscinaporche-casa-1-rincon-del-concejo.jpg\" srcset=\"https:\/\/www.elrincondelconcejo.com\/web\/wp-content\/uploads\/2022\/03\/piscinaporche-casa-1-rincon-del-concejo.jpg 640w, https:\/\/www.elrincondelconcejo.com\/web\/wp-content\/uploads\/2022\/03\/piscinaporche-casa-1-rincon-del-concejo-300x225.jpg 300w\" sizes=\"(max-width: 640px) 100vw, 640px\" \/><\/figure><\/li><li class=\"wp-block-jetpack-slideshow_slide swiper-slide\"><figure><img loading=\"lazy\" decoding=\"async\" width=\"640\" height=\"480\" alt=\"\" class=\"wp-block-jetpack-slideshow_image wp-image-243\" data-id=\"243\" src=\"https:\/\/www.elrincondelconcejo.com\/web\/wp-content\/uploads\/2022\/03\/vista-latera-casa-1-rincon-del-concejol.jpg\" srcset=\"https:\/\/www.elrincondelconcejo.com\/web\/wp-content\/uploads\/2022\/03\/vista-latera-casa-1-rincon-del-concejol.jpg 640w, https:\/\/www.elrincondelconcejo.com\/web\/wp-content\/uploads\/2022\/03\/vista-latera-casa-1-rincon-del-concejol-300x225.jpg 300w\" sizes=\"(max-width: 640px) 100vw, 640px\" \/><\/figure><\/li><li class=\"wp-block-jetpack-slideshow_slide swiper-slide\"><figure><img loading=\"lazy\" decoding=\"async\" width=\"640\" height=\"480\" alt=\"\" class=\"wp-block-jetpack-slideshow_image wp-image-239\" data-id=\"239\" src=\"https:\/\/www.elrincondelconcejo.com\/web\/wp-content\/uploads\/2022\/03\/porchepiscina-casa-1-rincon-del-concejo.jpg\" srcset=\"https:\/\/www.elrincondelconcejo.com\/web\/wp-content\/uploads\/2022\/03\/porchepiscina-casa-1-rincon-del-concejo.jpg 640w, https:\/\/www.elrincondelconcejo.com\/web\/wp-content\/uploads\/2022\/03\/porchepiscina-casa-1-rincon-del-concejo-300x225.jpg 300w\" sizes=\"(max-width: 640px) 100vw, 640px\" \/><\/figure><\/li><li class=\"wp-block-jetpack-slideshow_slide swiper-slide\"><figure><img loading=\"lazy\" decoding=\"async\" width=\"640\" height=\"480\" alt=\"\" class=\"wp-block-jetpack-slideshow_image wp-image-238\" data-id=\"238\" src=\"https:\/\/www.elrincondelconcejo.com\/web\/wp-content\/uploads\/2022\/03\/porcheentrada-casa-1-rincon-del-concejo.jpg\" srcset=\"https:\/\/www.elrincondelconcejo.com\/web\/wp-content\/uploads\/2022\/03\/porcheentrada-casa-1-rincon-del-concejo.jpg 640w, https:\/\/www.elrincondelconcejo.com\/web\/wp-content\/uploads\/2022\/03\/porcheentrada-casa-1-rincon-del-concejo-300x225.jpg 300w\" sizes=\"(max-width: 640px) 100vw, 640px\" \/><\/figure><\/li><li class=\"wp-block-jetpack-slideshow_slide swiper-slide\"><figure><img loading=\"lazy\" decoding=\"async\" width=\"640\" height=\"478\" alt=\"\" class=\"wp-block-jetpack-slideshow_image wp-image-236\" data-id=\"236\" src=\"https:\/\/www.elrincondelconcejo.com\/web\/wp-content\/uploads\/2022\/03\/piscina-nocehe-casa-1-rincon-del-concejo.jpg\" srcset=\"https:\/\/www.elrincondelconcejo.com\/web\/wp-content\/uploads\/2022\/03\/piscina-nocehe-casa-1-rincon-del-concejo.jpg 640w, https:\/\/www.elrincondelconcejo.com\/web\/wp-content\/uploads\/2022\/03\/piscina-nocehe-casa-1-rincon-del-concejo-300x224.jpg 300w\" sizes=\"(max-width: 640px) 100vw, 640px\" \/><\/figure><\/li><\/ul><a class=\"wp-block-jetpack-slideshow_button-prev swiper-button-prev swiper-button-white\" role=\"button\"><\/a><a class=\"wp-block-jetpack-slideshow_button-next swiper-button-next swiper-button-white\" role=\"button\"><\/a><a aria-label=\"Pause Slideshow\" class=\"wp-block-jetpack-slideshow_button-pause\" role=\"button\"><\/a><div class=\"wp-block-jetpack-slideshow_pagination swiper-pagination swiper-pagination-white\"><\/div><\/div><\/div>\n\n\n\n<p><\/p>\n\n\n\n<p class=\"has-text-align-center\"><strong>Habitaciones<\/strong><\/p>\n\n\n\n<div class=\"wp-block-jetpack-slideshow aligncenter\" data-effect=\"slide\"><div class=\"wp-block-jetpack-slideshow_container swiper-container\"><ul class=\"wp-block-jetpack-slideshow_swiper-wrapper swiper-wrapper\"><li class=\"wp-block-jetpack-slideshow_slide swiper-slide\"><figure><img loading=\"lazy\" decoding=\"async\" width=\"640\" height=\"480\" alt=\"\" class=\"wp-block-jetpack-slideshow_image wp-image-230\" data-id=\"230\" src=\"https:\/\/www.elrincondelconcejo.com\/web\/wp-content\/uploads\/2022\/03\/dormitorio-4-casa-1-rincon-del-concejo.jpg\" srcset=\"https:\/\/www.elrincondelconcejo.com\/web\/wp-content\/uploads\/2022\/03\/dormitorio-4-casa-1-rincon-del-concejo.jpg 640w, https:\/\/www.elrincondelconcejo.com\/web\/wp-content\/uploads\/2022\/03\/dormitorio-4-casa-1-rincon-del-concejo-300x225.jpg 300w\" sizes=\"(max-width: 640px) 100vw, 640px\" \/><\/figure><\/li><li class=\"wp-block-jetpack-slideshow_slide swiper-slide\"><figure><img loading=\"lazy\" decoding=\"async\" width=\"640\" height=\"480\" alt=\"\" class=\"wp-block-jetpack-slideshow_image wp-image-227\" data-id=\"227\" src=\"https:\/\/www.elrincondelconcejo.com\/web\/wp-content\/uploads\/2022\/03\/dormitorio-1-casa-1-rincon-del-concejo.jpg\" srcset=\"https:\/\/www.elrincondelconcejo.com\/web\/wp-content\/uploads\/2022\/03\/dormitorio-1-casa-1-rincon-del-concejo.jpg 640w, https:\/\/www.elrincondelconcejo.com\/web\/wp-content\/uploads\/2022\/03\/dormitorio-1-casa-1-rincon-del-concejo-300x225.jpg 300w\" sizes=\"(max-width: 640px) 100vw, 640px\" \/><\/figure><\/li><li class=\"wp-block-jetpack-slideshow_slide swiper-slide\"><figure><img loading=\"lazy\" decoding=\"async\" width=\"640\" height=\"480\" alt=\"\" class=\"wp-block-jetpack-slideshow_image wp-image-229\" data-id=\"229\" src=\"https:\/\/www.elrincondelconcejo.com\/web\/wp-content\/uploads\/2022\/03\/dormitorio-3-casa-1-rincon-del-concejo.jpg\" srcset=\"https:\/\/www.elrincondelconcejo.com\/web\/wp-content\/uploads\/2022\/03\/dormitorio-3-casa-1-rincon-del-concejo.jpg 640w, https:\/\/www.elrincondelconcejo.com\/web\/wp-content\/uploads\/2022\/03\/dormitorio-3-casa-1-rincon-del-concejo-300x225.jpg 300w\" sizes=\"(max-width: 640px) 100vw, 640px\" \/><\/figure><\/li><li class=\"wp-block-jetpack-slideshow_slide swiper-slide\"><figure><img loading=\"lazy\" decoding=\"async\" width=\"640\" height=\"480\" alt=\"\" class=\"wp-block-jetpack-slideshow_image wp-image-228\" data-id=\"228\" src=\"https:\/\/www.elrincondelconcejo.com\/web\/wp-content\/uploads\/2022\/03\/dormitorio-2-casa-1-rincon-del-concejo.jpg\" srcset=\"https:\/\/www.elrincondelconcejo.com\/web\/wp-content\/uploads\/2022\/03\/dormitorio-2-casa-1-rincon-del-concejo.jpg 640w, https:\/\/www.elrincondelconcejo.com\/web\/wp-content\/uploads\/2022\/03\/dormitorio-2-casa-1-rincon-del-concejo-300x225.jpg 300w\" sizes=\"(max-width: 640px) 100vw, 640px\" \/><\/figure><\/li><li class=\"wp-block-jetpack-slideshow_slide swiper-slide\"><figure><img loading=\"lazy\" decoding=\"async\" width=\"640\" height=\"480\" alt=\"\" class=\"wp-block-jetpack-slideshow_image wp-image-232\" data-id=\"232\" src=\"https:\/\/www.elrincondelconcejo.com\/web\/wp-content\/uploads\/2022\/03\/dormitorio-5-casa-1-rincon-del-concejo-1.jpg\" srcset=\"https:\/\/www.elrincondelconcejo.com\/web\/wp-content\/uploads\/2022\/03\/dormitorio-5-casa-1-rincon-del-concejo-1.jpg 640w, https:\/\/www.elrincondelconcejo.com\/web\/wp-content\/uploads\/2022\/03\/dormitorio-5-casa-1-rincon-del-concejo-1-300x225.jpg 300w\" sizes=\"(max-width: 640px) 100vw, 640px\" \/><\/figure><\/li><li class=\"wp-block-jetpack-slideshow_slide swiper-slide\"><figure><img loading=\"lazy\" decoding=\"async\" width=\"640\" height=\"480\" alt=\"\" class=\"wp-block-jetpack-slideshow_image wp-image-231\" data-id=\"231\" src=\"https:\/\/www.elrincondelconcejo.com\/web\/wp-content\/uploads\/2022\/03\/dormitorio-5-casa-1-rincon-del-concejo.jpg\" srcset=\"https:\/\/www.elrincondelconcejo.com\/web\/wp-content\/uploads\/2022\/03\/dormitorio-5-casa-1-rincon-del-concejo.jpg 640w, https:\/\/www.elrincondelconcejo.com\/web\/wp-content\/uploads\/2022\/03\/dormitorio-5-casa-1-rincon-del-concejo-300x225.jpg 300w\" sizes=\"(max-width: 640px) 100vw, 640px\" \/><\/figure><\/li><\/ul><a class=\"wp-block-jetpack-slideshow_button-prev swiper-button-prev swiper-button-white\" role=\"button\"><\/a><a class=\"wp-block-jetpack-slideshow_button-next swiper-button-next swiper-button-white\" role=\"button\"><\/a><a aria-label=\"Pause Slideshow\" class=\"wp-block-jetpack-slideshow_button-pause\" role=\"button\"><\/a><div class=\"wp-block-jetpack-slideshow_pagination swiper-pagination swiper-pagination-white\"><\/div><\/div><\/div>\n\n\n\n<p class=\"has-text-align-center\"><strong>Sal\u00f3n<\/strong><\/p>\n\n\n\n<div class=\"wp-block-jetpack-slideshow aligncenter\" data-effect=\"slide\"><div class=\"wp-block-jetpack-slideshow_container swiper-container\"><ul class=\"wp-block-jetpack-slideshow_swiper-wrapper swiper-wrapper\"><li class=\"wp-block-jetpack-slideshow_slide swiper-slide\"><figure><img loading=\"lazy\" decoding=\"async\" width=\"640\" height=\"480\" alt=\"\" class=\"wp-block-jetpack-slideshow_image wp-image-242\" data-id=\"242\" src=\"https:\/\/www.elrincondelconcejo.com\/web\/wp-content\/uploads\/2022\/03\/salon2-casa-1-rincon-del-concejo.jpg\" srcset=\"https:\/\/www.elrincondelconcejo.com\/web\/wp-content\/uploads\/2022\/03\/salon2-casa-1-rincon-del-concejo.jpg 640w, https:\/\/www.elrincondelconcejo.com\/web\/wp-content\/uploads\/2022\/03\/salon2-casa-1-rincon-del-concejo-300x225.jpg 300w\" sizes=\"(max-width: 640px) 100vw, 640px\" \/><\/figure><\/li><li class=\"wp-block-jetpack-slideshow_slide swiper-slide\"><figure><img loading=\"lazy\" decoding=\"async\" width=\"640\" height=\"480\" alt=\"\" class=\"wp-block-jetpack-slideshow_image wp-image-240\" data-id=\"240\" src=\"https:\/\/www.elrincondelconcejo.com\/web\/wp-content\/uploads\/2022\/03\/salon-casa-1-rincon-del-concejo.jpg\" srcset=\"https:\/\/www.elrincondelconcejo.com\/web\/wp-content\/uploads\/2022\/03\/salon-casa-1-rincon-del-concejo.jpg 640w, https:\/\/www.elrincondelconcejo.com\/web\/wp-content\/uploads\/2022\/03\/salon-casa-1-rincon-del-concejo-300x225.jpg 300w\" sizes=\"(max-width: 640px) 100vw, 640px\" \/><\/figure><\/li><li class=\"wp-block-jetpack-slideshow_slide swiper-slide\"><figure><img loading=\"lazy\" decoding=\"async\" width=\"360\" height=\"480\" alt=\"\" class=\"wp-block-jetpack-slideshow_image wp-image-241\" data-id=\"241\" src=\"https:\/\/www.elrincondelconcejo.com\/web\/wp-content\/uploads\/2022\/03\/salon1-casa-1-rincon-del-concejo.jpg\" srcset=\"https:\/\/www.elrincondelconcejo.com\/web\/wp-content\/uploads\/2022\/03\/salon1-casa-1-rincon-del-concejo.jpg 360w, https:\/\/www.elrincondelconcejo.com\/web\/wp-content\/uploads\/2022\/03\/salon1-casa-1-rincon-del-concejo-225x300.jpg 225w\" sizes=\"(max-width: 360px) 100vw, 360px\" \/><\/figure><\/li><\/ul><a class=\"wp-block-jetpack-slideshow_button-prev swiper-button-prev swiper-button-white\" role=\"button\"><\/a><a class=\"wp-block-jetpack-slideshow_button-next swiper-button-next swiper-button-white\" role=\"button\"><\/a><a aria-label=\"Pause Slideshow\" class=\"wp-block-jetpack-slideshow_button-pause\" role=\"button\"><\/a><div class=\"wp-block-jetpack-slideshow_pagination swiper-pagination swiper-pagination-white\"><\/div><\/div><\/div>\n\n\n\n<p class=\"has-text-align-center\"><strong>Cocina<\/strong><\/p>\n\n\n\n<div class=\"wp-block-jetpack-slideshow aligncenter\" data-effect=\"slide\"><div class=\"wp-block-jetpack-slideshow_container swiper-container\"><ul class=\"wp-block-jetpack-slideshow_swiper-wrapper swiper-wrapper\"><li class=\"wp-block-jetpack-slideshow_slide swiper-slide\"><figure><img loading=\"lazy\" decoding=\"async\" width=\"640\" height=\"480\" alt=\"\" class=\"wp-block-jetpack-slideshow_image wp-image-226\" data-id=\"226\" src=\"https:\/\/www.elrincondelconcejo.com\/web\/wp-content\/uploads\/2022\/03\/cocina-casa-1-rincon-del-concejo.jpg\" srcset=\"https:\/\/www.elrincondelconcejo.com\/web\/wp-content\/uploads\/2022\/03\/cocina-casa-1-rincon-del-concejo.jpg 640w, https:\/\/www.elrincondelconcejo.com\/web\/wp-content\/uploads\/2022\/03\/cocina-casa-1-rincon-del-concejo-300x225.jpg 300w\" sizes=\"(max-width: 640px) 100vw, 640px\" \/><\/figure><\/li><\/ul><a class=\"wp-block-jetpack-slideshow_button-prev swiper-button-prev swiper-button-white\" role=\"button\"><\/a><a class=\"wp-block-jetpack-slideshow_button-next swiper-button-next swiper-button-white\" role=\"button\"><\/a><a aria-label=\"Pause Slideshow\" class=\"wp-block-jetpack-slideshow_button-pause\" role=\"button\"><\/a><div class=\"wp-block-jetpack-slideshow_pagination swiper-pagination swiper-pagination-white\"><\/div><\/div><\/div>\n\n\n\n<p class=\"has-text-align-center\"><strong>Ba\u00f1os<\/strong><\/p>\n\n\n\n<div class=\"wp-block-jetpack-slideshow aligncenter\" data-effect=\"slide\"><div class=\"wp-block-jetpack-slideshow_container swiper-container\"><ul class=\"wp-block-jetpack-slideshow_swiper-wrapper swiper-wrapper\"><li class=\"wp-block-jetpack-slideshow_slide swiper-slide\"><figure><img loading=\"lazy\" decoding=\"async\" width=\"270\" height=\"480\" alt=\"\" class=\"wp-block-jetpack-slideshow_image wp-image-224\" data-id=\"224\" src=\"https:\/\/www.elrincondelconcejo.com\/web\/wp-content\/uploads\/2022\/03\/c2-ban-dorm-1.jpg\" srcset=\"https:\/\/www.elrincondelconcejo.com\/web\/wp-content\/uploads\/2022\/03\/c2-ban-dorm-1.jpg 270w, https:\/\/www.elrincondelconcejo.com\/web\/wp-content\/uploads\/2022\/03\/c2-ban-dorm-1-169x300.jpg 169w\" sizes=\"(max-width: 270px) 100vw, 270px\" \/><\/figure><\/li><li class=\"wp-block-jetpack-slideshow_slide swiper-slide\"><figure><img loading=\"lazy\" decoding=\"async\" width=\"360\" height=\"480\" alt=\"\" class=\"wp-block-jetpack-slideshow_image wp-image-221\" data-id=\"221\" src=\"https:\/\/www.elrincondelconcejo.com\/web\/wp-content\/uploads\/2022\/03\/bano-2-casa-1-rincon-del-concejo.jpg\" srcset=\"https:\/\/www.elrincondelconcejo.com\/web\/wp-content\/uploads\/2022\/03\/bano-2-casa-1-rincon-del-concejo.jpg 360w, https:\/\/www.elrincondelconcejo.com\/web\/wp-content\/uploads\/2022\/03\/bano-2-casa-1-rincon-del-concejo-225x300.jpg 225w\" sizes=\"(max-width: 360px) 100vw, 360px\" \/><\/figure><\/li><li class=\"wp-block-jetpack-slideshow_slide swiper-slide\"><figure><img loading=\"lazy\" decoding=\"async\" width=\"329\" height=\"439\" alt=\"\" class=\"wp-block-jetpack-slideshow_image wp-image-222\" data-id=\"222\" src=\"https:\/\/www.elrincondelconcejo.com\/web\/wp-content\/uploads\/2022\/03\/bano-3-casa-1-rincon-del-concejo.jpg\" srcset=\"https:\/\/www.elrincondelconcejo.com\/web\/wp-content\/uploads\/2022\/03\/bano-3-casa-1-rincon-del-concejo.jpg 329w, https:\/\/www.elrincondelconcejo.com\/web\/wp-content\/uploads\/2022\/03\/bano-3-casa-1-rincon-del-concejo-225x300.jpg 225w\" sizes=\"(max-width: 329px) 100vw, 329px\" \/><\/figure><\/li><li class=\"wp-block-jetpack-slideshow_slide swiper-slide\"><figure><img loading=\"lazy\" decoding=\"async\" width=\"640\" height=\"480\" alt=\"\" class=\"wp-block-jetpack-slideshow_image wp-image-223\" data-id=\"223\" src=\"https:\/\/www.elrincondelconcejo.com\/web\/wp-content\/uploads\/2022\/03\/bano-4-casa-1-rincon-del-concejo.jpg\" srcset=\"https:\/\/www.elrincondelconcejo.com\/web\/wp-content\/uploads\/2022\/03\/bano-4-casa-1-rincon-del-concejo.jpg 640w, https:\/\/www.elrincondelconcejo.com\/web\/wp-content\/uploads\/2022\/03\/bano-4-casa-1-rincon-del-concejo-300x225.jpg 300w\" sizes=\"(max-width: 640px) 100vw, 640px\" \/><\/figure><\/li><li class=\"wp-block-jetpack-slideshow_slide swiper-slide\"><figure><img loading=\"lazy\" decoding=\"async\" width=\"575\" height=\"1024\" alt=\"\" class=\"wp-block-jetpack-slideshow_image wp-image-220\" data-id=\"220\" src=\"https:\/\/www.elrincondelconcejo.com\/web\/wp-content\/uploads\/2022\/03\/bano-1-casa-1-rincon-del-concejo-575x1024.jpg\" srcset=\"https:\/\/www.elrincondelconcejo.com\/web\/wp-content\/uploads\/2022\/03\/bano-1-casa-1-rincon-del-concejo-575x1024.jpg 575w, https:\/\/www.elrincondelconcejo.com\/web\/wp-content\/uploads\/2022\/03\/bano-1-casa-1-rincon-del-concejo-168x300.jpg 168w, https:\/\/www.elrincondelconcejo.com\/web\/wp-content\/uploads\/2022\/03\/bano-1-casa-1-rincon-del-concejo-768x1368.jpg 768w, https:\/\/www.elrincondelconcejo.com\/web\/wp-content\/uploads\/2022\/03\/bano-1-casa-1-rincon-del-concejo-862x1536.jpg 862w, https:\/\/www.elrincondelconcejo.com\/web\/wp-content\/uploads\/2022\/03\/bano-1-casa-1-rincon-del-concejo.jpg 898w\" sizes=\"(max-width: 575px) 100vw, 575px\" \/><figcaption class=\"wp-block-jetpack-slideshow_caption gallery-caption\">ba\u00f1o -casa 1<\/figcaption><\/figure><\/li><\/ul><a class=\"wp-block-jetpack-slideshow_button-prev swiper-button-prev swiper-button-white\" role=\"button\"><\/a><a class=\"wp-block-jetpack-slideshow_button-next swiper-button-next swiper-button-white\" role=\"button\"><\/a><a aria-label=\"Pause Slideshow\" class=\"wp-block-jetpack-slideshow_button-pause\" role=\"button\"><\/a><div class=\"wp-block-jetpack-slideshow_pagination swiper-pagination swiper-pagination-white\"><\/div><\/div><\/div>\n\n\n\n<p class=\"has-text-align-center\"><strong>Zonas comunes<\/strong><\/p>\n\n\n\n<div class=\"wp-block-jetpack-slideshow aligncenter\" data-effect=\"slide\"><div class=\"wp-block-jetpack-slideshow_container swiper-container\"><ul class=\"wp-block-jetpack-slideshow_swiper-wrapper swiper-wrapper\"><li class=\"wp-block-jetpack-slideshow_slide swiper-slide\"><figure><img loading=\"lazy\" decoding=\"async\" width=\"360\" height=\"480\" alt=\"\" class=\"wp-block-jetpack-slideshow_image wp-image-233\" data-id=\"233\" src=\"https:\/\/www.elrincondelconcejo.com\/web\/wp-content\/uploads\/2022\/03\/pasillo-casa-1-rincon-del-concejo.jpg\" srcset=\"https:\/\/www.elrincondelconcejo.com\/web\/wp-content\/uploads\/2022\/03\/pasillo-casa-1-rincon-del-concejo.jpg 360w, https:\/\/www.elrincondelconcejo.com\/web\/wp-content\/uploads\/2022\/03\/pasillo-casa-1-rincon-del-concejo-225x300.jpg 225w\" sizes=\"(max-width: 360px) 100vw, 360px\" \/><\/figure><\/li><li class=\"wp-block-jetpack-slideshow_slide swiper-slide\"><figure><img loading=\"lazy\" decoding=\"async\" width=\"360\" height=\"480\" alt=\"\" class=\"wp-block-jetpack-slideshow_image wp-image-225\" data-id=\"225\" src=\"https:\/\/www.elrincondelconcejo.com\/web\/wp-content\/uploads\/2022\/03\/casa-1-rincon-del-concejo.jpg\" srcset=\"https:\/\/www.elrincondelconcejo.com\/web\/wp-content\/uploads\/2022\/03\/casa-1-rincon-del-concejo.jpg 360w, https:\/\/www.elrincondelconcejo.com\/web\/wp-content\/uploads\/2022\/03\/casa-1-rincon-del-concejo-225x300.jpg 225w\" sizes=\"(max-width: 360px) 100vw, 360px\" \/><\/figure><\/li><\/ul><a class=\"wp-block-jetpack-slideshow_button-prev swiper-button-prev swiper-button-white\" role=\"button\"><\/a><a class=\"wp-block-jetpack-slideshow_button-next swiper-button-next swiper-button-white\" role=\"button\"><\/a><a aria-label=\"Pause Slideshow\" class=\"wp-block-jetpack-slideshow_button-pause\" role=\"button\"><\/a><div class=\"wp-block-jetpack-slideshow_pagination swiper-pagination swiper-pagination-white\"><\/div><\/div><\/div>\n\n\n\n<div class=\"wp-block-buttons is-content-justification-center is-layout-flex wp-container-core-buttons-is-layout-16018d1d wp-block-buttons-is-layout-flex\">\n<div class=\"wp-block-button is-style-primary\"><a class=\"wp-block-button__link\" href=\"\/web\/contacto\">CONTACTA CON NOSOTROS<\/a><\/div>\n<\/div>\n","protected":false},"excerpt":{"rendered":"<p>Habitaciones Sal\u00f3n Cocina Ba\u00f1os Zonas comunes<\/p>\n","protected":false},"author":1,"featured_media":0,"parent":0,"menu_order":0,"comment_status":"closed","ping_status":"closed","template":"","meta":{"neve_meta_sidebar":"","neve_meta_container":"","neve_meta_enable_content_width":"","neve_meta_content_width":0,"neve_meta_title_alignment":"","neve_meta_author_avatar":"","neve_post_elements_order":"","neve_meta_disable_header":"","neve_meta_disable_footer":"","neve_meta_disable_title":"","neve_meta_reading_time":"","_themeisle_gutenberg_block_has_review":false,"footnotes":""},"class_list":["post-301","page","type-page","status-publish","hentry"],"jetpack_sharing_enabled":true,"_links":{"self":[{"href":"https:\/\/www.elrincondelconcejo.com\/web\/wp-json\/wp\/v2\/pages\/301","targetHints":{"allow":["GET"]}}],"collection":[{"href":"https:\/\/www.elrincondelconcejo.com\/web\/wp-json\/wp\/v2\/pages"}],"about":[{"href":"https:\/\/www.elrincondelconcejo.com\/web\/wp-json\/wp\/v2\/types\/page"}],"author":[{"embeddable":true,"href":"https:\/\/www.elrincondelconcejo.com\/web\/wp-json\/wp\/v2\/users\/1"}],"replies":[{"embeddable":true,"href":"https:\/\/www.elrincondelconcejo.com\/web\/wp-json\/wp\/v2\/comments?post=301"}],"version-history":[{"count":15,"href":"https:\/\/www.elrincondelconcejo.com\/web\/wp-json\/wp\/v2\/pages\/301\/revisions"}],"predecessor-version":[{"id":367,"href":"https:\/\/www.elrincondelconcejo.com\/web\/wp-json\/wp\/v2\/pages\/301\/revisions\/367"}],"wp:attachment":[{"href":"https:\/\/www.elrincondelconcejo.com\/web\/wp-json\/wp\/v2\/media?parent=301"}],"curies":[{"name":"wp","href":"https:\/\/api.w.org\/{rel}","templated":true}]}}